{"id":4939,"date":"2023-04-14T14:51:49","date_gmt":"2023-04-14T14:51:49","guid":{"rendered":"https:\/\/map-advogados.com\/?page_id=4939"},"modified":"2023-10-19T09:14:35","modified_gmt":"2023-10-19T09:14:35","slug":"civil-criminal-and-misdemeanor-litigation-misdemeanors","status":"publish","type":"page","link":"https:\/\/map-advogados.com\/en\/civil-criminal-and-misdemeanor-litigation-misdemeanors\/","title":{"rendered":"Civil, Criminal and Misdemeanor Litigation Misdemeanors"},"content":{"rendered":"<div data-elementor-type=\"wp-page\" data-elementor-id=\"4939\" class=\"elementor elementor-4939\">\n\t\t\t\t\t\t<section class=\"elementor-section elementor-top-section elementor-element elementor-element-7606c15f elementor-section-height-min-height elementor-section-boxed elementor-section-height-default elementor-section-items-middle\" data-id=\"7606c15f\" data-element_type=\"section\" data-settings=\"{&quot;background_background&quot;:&quot;classic&quot;}\">\n\t\t\t\t\t\t<div class=\"elementor-container elementor-column-gap-default\">\n\t\t\t\t\t<div class=\"elementor-column elementor-col-100 elementor-top-column elementor-element elementor-element-2b3502df\" data-id=\"2b3502df\" data-element_type=\"column\">\n\t\t\t<div class=\"elementor-widget-wrap elementor-element-populated\">\n\t\t\t\t\t\t<section class=\"elementor-section elementor-inner-section elementor-element elementor-element-47904c7e elementor-section-boxed elementor-section-height-default elementor-section-height-default gs-locked-section-no\" data-id=\"47904c7e\" data-element_type=\"section\">\n\t\t\t\t\t\t<div class=\"elementor-container elementor-column-gap-default\">\n\t\t\t\t\t<div class=\"elementor-column elementor-col-50 elementor-inner-column elementor-element elementor-element-15d2f0fc\" data-id=\"15d2f0fc\" data-element_type=\"column\">\n\t\t\t<div class=\"elementor-widget-wrap\">\n\t\t\t\t\t\t\t<\/div>\n\t\t<\/div>\n\t\t\t\t<div class=\"elementor-column elementor-col-50 elementor-inner-column elementor-element elementor-element-9d3049e\" data-id=\"9d3049e\" data-element_type=\"column\">\n\t\t\t<div class=\"elementor-widget-wrap elementor-element-populated\">\n\t\t\t\t\t\t<div class=\"elementor-element elementor-element-5bc5512d elementor-align-right elementor-mobile-align-center elementor-widget elementor-widget-button\" data-id=\"5bc5512d\" data-element_type=\"widget\" data-widget_type=\"button.default\">\n\t\t\t\t<div class=\"elementor-widget-container\">\n\t\t\t\t\t\t\t<div class=\"elementor-button-wrapper\">\n\t\t\t\t\t<a class=\"elementor-button elementor-button-link elementor-size-sm\" href=\"#\">\n\t\t\t\t\t\t<span class=\"elementor-button-content-wrapper\">\n\t\t\t\t\t\t\t\t\t<span class=\"elementor-button-text\">OFFICE@MAP-ADVOGADOS.COM<\/span>\n\t\t\t\t\t<\/span>\n\t\t\t\t\t<\/a>\n\t\t\t\t<\/div>\n\t\t\t\t\t\t<\/div>\n\t\t\t\t<\/div>\n\t\t\t\t<div class=\"elementor-element elementor-element-11c0f618 elementor-position-right elementor-vertical-align-middle elementor-view-default elementor-mobile-position-top elementor-widget elementor-widget-icon-box\" data-id=\"11c0f618\" data-element_type=\"widget\" data-widget_type=\"icon-box.default\">\n\t\t\t\t<div class=\"elementor-widget-container\">\n\t\t\t\t\t<div class=\"elementor-icon-box-wrapper\">\n\n\t\t\t\t\t\t<div class=\"elementor-icon-box-icon\">\n\t\t\t\t<span  class=\"elementor-icon elementor-animation-\">\n\t\t\t\t<svg xmlns=\"http:\/\/www.w3.org\/2000\/svg\" width=\"41\" height=\"41\" viewbox=\"0 0 41 41\"><g transform=\"translate(-931 -919)\"><circle cx=\"20.5\" cy=\"20.5\" r=\"20.5\" transform=\"translate(931 919)\" fill=\"#fff\"><\/circle><g transform=\"translate(943 931)\"><path d=\"M15.078,11.473c-.04-.032-2.926-2.112-3.718-1.963-.378.067-.594.325-1.028.841-.07.083-.238.283-.368.425a6.069,6.069,0,0,1-.8-.326A6.642,6.642,0,0,1,6.1,7.386a6.04,6.04,0,0,1-.326-.8c.143-.131.342-.3.428-.37.514-.432.772-.648.839-1.027C7.176,4.4,5.1,1.5,5.075,1.47A1.11,1.11,0,0,0,4.248,1C3.406,1,1,4.121,1,4.647c0,.031.044,3.136,3.873,7.03,3.891,3.824,7,3.869,7.026,3.869.526,0,3.647-2.406,3.647-3.248a1.107,1.107,0,0,0-.468-.824Z\" fill=\"#a67758\"><\/path><\/g><\/g><\/svg>\t\t\t\t<\/span>\n\t\t\t<\/div>\n\t\t\t\n\t\t\t\t\t\t<div class=\"elementor-icon-box-content\">\n\n\t\t\t\t\t\t\t\t\t<h3 class=\"elementor-icon-box-title\">\n\t\t\t\t\t\t<span  >\n\t\t\t\t\t\t\t<span style=\"font-size:12px\">+351<\/span> 926 180 655\t\t\t\t\t\t<\/span>\n\t\t\t\t\t<\/h3>\n\t\t\t\t\n\t\t\t\t\t\t\t\t\t<p class=\"elementor-icon-box-description\">\n\t\t\t\t\t\t(Cost of a call to<br>\nthe national mobile network)\t\t\t\t\t<\/p>\n\t\t\t\t\n\t\t\t<\/div>\n\t\t\t\n\t\t<\/div>\n\t\t\t\t<\/div>\n\t\t\t\t<\/div>\n\t\t\t\t\t<\/div>\n\t\t<\/div>\n\t\t\t\t\t<\/div>\n\t\t<\/section>\n\t\t\t\t\t<\/div>\n\t\t<\/div>\n\t\t\t\t\t<\/div>\n\t\t<\/section>\n\t\t\t\t<section class=\"elementor-section elementor-top-section elementor-element elementor-element-b319e42 elementor-section-full_width elementor-section-height-default elementor-section-height-default gs-locked-section-no\" data-id=\"b319e42\" data-element_type=\"section\" data-settings=\"{&quot;background_background&quot;:&quot;classic&quot;}\">\n\t\t\t\t\t\t<div class=\"elementor-container elementor-column-gap-default\">\n\t\t\t\t\t<div class=\"elementor-column elementor-col-100 elementor-top-column elementor-element elementor-element-2dfcea9\" data-id=\"2dfcea9\" data-element_type=\"column\">\n\t\t\t<div class=\"elementor-widget-wrap elementor-element-populated\">\n\t\t\t\t\t\t<section class=\"elementor-section elementor-inner-section elementor-element elementor-element-50104b3 elementor-section-full_width elementor-section-height-default elementor-section-height-default gs-locked-section-no\" data-id=\"50104b3\" data-element_type=\"section\">\n\t\t\t\t\t\t<div class=\"elementor-container elementor-column-gap-default\">\n\t\t\t\t\t<div class=\"elementor-column elementor-col-50 elementor-inner-column elementor-element elementor-element-99fb1c3\" data-id=\"99fb1c3\" data-element_type=\"column\">\n\t\t\t<div class=\"elementor-widget-wrap elementor-element-populated\">\n\t\t\t\t\t\t<div class=\"elementor-element elementor-element-a440226 elementor-widget elementor-widget-image\" data-id=\"a440226\" data-element_type=\"widget\" data-widget_type=\"image.default\">\n\t\t\t\t<div class=\"elementor-widget-container\">\n\t\t\t\t\t\t\t\t\t\t\t\t\t<img fetchpriority=\"high\" decoding=\"async\" width=\"1024\" height=\"576\" src=\"https:\/\/map-advogados.com\/wp-content\/uploads\/2023\/03\/direito-contencioso.svg\" class=\"attachment-large size-large wp-image-4411\" alt=\"A MAP Advogados \u00e9 um escrit\u00f3rio de Advogados jovem e moderno, com escrit\u00f3rio na Nazar\u00e9, com incid\u00eancia no direito da imigra\u00e7\u00e3o, direito fiscal e direito imobili\u00e1rio.\" \/>\t\t\t\t\t\t\t\t\t\t\t\t\t<\/div>\n\t\t\t\t<\/div>\n\t\t\t\t<div class=\"elementor-element elementor-element-f514ce2 elementor-widget elementor-widget-spacer\" data-id=\"f514ce2\" data-element_type=\"widget\" data-widget_type=\"spacer.default\">\n\t\t\t\t<div class=\"elementor-widget-container\">\n\t\t\t\t\t<div class=\"elementor-spacer\">\n\t\t\t<div class=\"elementor-spacer-inner\"><\/div>\n\t\t<\/div>\n\t\t\t\t<\/div>\n\t\t\t\t<\/div>\n\t\t\t\t\t<\/div>\n\t\t<\/div>\n\t\t\t\t<div class=\"elementor-column elementor-col-50 elementor-inner-column elementor-element elementor-element-16804cc\" data-id=\"16804cc\" data-element_type=\"column\">\n\t\t\t<div class=\"elementor-widget-wrap elementor-element-populated\">\n\t\t\t\t\t\t<div class=\"elementor-element elementor-element-1e9af53 elementor-widget elementor-widget-grada-section-title\" data-id=\"1e9af53\" data-element_type=\"widget\" data-widget_type=\"grada-section-title.default\">\n\t\t\t\t<div class=\"elementor-widget-container\">\n\t\t\t\t\t\t<div class=\"gs-section-title-holder\">\n                                    <div class=\"gs-section-title-inner\">\n\n\t\t\t                                        <h2 class=\"gs-section-title\">AREAS OF EXPERTISE<\/h2>                        \t\t\t                                        <div class=\"gs-section-title-content\">\n\t                            <p>Civil, Criminal and Misdemeanor Litigation<br \/>\nMisdemeanors<\/p>\n                            <\/div>\n                                            <\/div>\n                \t\t\t<\/div>\n\t\t\t\t<\/div>\n\t\t\t\t<\/div>\n\t\t\t\t<div class=\"elementor-element elementor-element-810f9c6 elementor-widget elementor-widget-text-editor\" data-id=\"810f9c6\" data-element_type=\"widget\" data-widget_type=\"text-editor.default\">\n\t\t\t\t<div class=\"elementor-widget-container\">\n\t\t\t\t\t\t\t<p>Our team is specialized in the areas of criminal law and civil law, always seeking out-of-court settlement when appropriate, but always bearing in mind the best interests of the client.<\/p><p>Our practice focuses on the following modalities, among others:<\/p><p>\u00a0<\/p><p><span style=\"color: #a67758;\">\u2022 <\/span>In civil matters, we highlight the actions of:<\/p><p>\u00a0<\/p><p><span style=\"color: #a67758;\">\u2022 <\/span>Civil liability resulting from accidents;<\/p><p>\u00a0<\/p><p><span style=\"color: #a67758;\">\u2022 <\/span>Contractual and extra-contractual liability;<\/p><p>\u00a0<\/p><p><span style=\"color: #a67758;\">\u2022 <\/span>Litigation between landlords and tenants;<\/p><p>\u00a0<\/p><p><span style=\"color: #a67758;\">\u2022 <\/span>Litigation between condominium owners and condominium management;<\/p><p>\u00a0<\/p><p><span style=\"color: #a67758;\">\u2022 <\/span>Property Claims<\/p><p>\u00a0<\/p><p><span style=\"color: #a67758;\">\u2022 <\/span>In criminal matters, we deal with crimes against human life, physical integrity, honor and economic crimes.<\/p><p>\u00a0<\/p><p><span style=\"color: #a67758;\">\u2022 <\/span>In the field of misdemeanors, we deal with fines, among others.<\/p>\t\t\t\t\t\t<\/div>\n\t\t\t\t<\/div>\n\t\t\t\t\t<\/div>\n\t\t<\/div>\n\t\t\t\t\t<\/div>\n\t\t<\/section>\n\t\t\t\t\t<\/div>\n\t\t<\/div>\n\t\t\t\t\t<\/div>\n\t\t<\/section>\n\t\t\t\t<section class=\"elementor-section elementor-top-section elementor-element elementor-element-c9abc0e elementor-section-boxed elementor-section-height-default elementor-section-height-default gs-locked-section-no\" data-id=\"c9abc0e\" data-element_type=\"section\">\n\t\t\t\t\t\t<div class=\"elementor-container elementor-column-gap-default\">\n\t\t\t\t\t<div class=\"elementor-column elementor-col-50 elementor-top-column elementor-element elementor-element-606f559\" data-id=\"606f559\" data-element_type=\"column\">\n\t\t\t<div class=\"elementor-widget-wrap elementor-element-populated\">\n\t\t\t\t\t\t<div class=\"elementor-element elementor-element-65eb1d9 elementor-widget elementor-widget-grada-section-title\" data-id=\"65eb1d9\" data-element_type=\"widget\" data-widget_type=\"grada-section-title.default\">\n\t\t\t\t<div class=\"elementor-widget-container\">\n\t\t\t\t\t\t<div class=\"gs-section-title-holder\">\n                                    <div class=\"gs-section-title-inner\">\n\n\t\t\t                                        <h2 class=\"gs-section-title\">Contact us<\/h2>                        \t\t\t                                        <div class=\"gs-section-title-content\">\n\t                            <p>Need legal <br \/>accompaniment ?<\/p>\n                            <\/div>\n                                            <\/div>\n                \t\t\t<\/div>\n\t\t\t\t<\/div>\n\t\t\t\t<\/div>\n\t\t\t\t\t<\/div>\n\t\t<\/div>\n\t\t\t\t<div class=\"elementor-column elementor-col-50 elementor-top-column elementor-element elementor-element-463a0c8\" data-id=\"463a0c8\" data-element_type=\"column\">\n\t\t\t<div class=\"elementor-widget-wrap elementor-element-populated\">\n\t\t\t\t\t\t<section class=\"elementor-section elementor-inner-section elementor-element elementor-element-7930e2b elementor-section-boxed elementor-section-height-default elementor-section-height-default gs-locked-section-no\" data-id=\"7930e2b\" data-element_type=\"section\">\n\t\t\t\t\t\t<div class=\"elementor-container elementor-column-gap-default\">\n\t\t\t\t\t<div class=\"elementor-column elementor-col-100 elementor-inner-column elementor-element elementor-element-f290a39\" data-id=\"f290a39\" data-element_type=\"column\">\n\t\t\t<div class=\"elementor-widget-wrap elementor-element-populated\">\n\t\t\t\t\t\t<div class=\"elementor-element elementor-element-a9b6504 elementor-widget elementor-widget-shortcode\" data-id=\"a9b6504\" data-element_type=\"widget\" data-widget_type=\"shortcode.default\">\n\t\t\t\t<div class=\"elementor-widget-container\">\n\t\t\t\t\t<div class=\"elementor-shortcode\">\n<div class=\"wpcf7 no-js\" id=\"wpcf7-f5115-o1\" lang=\"en-US\" dir=\"ltr\" data-wpcf7-id=\"5115\">\n<div class=\"screen-reader-response\"><p role=\"status\" aria-live=\"polite\" aria-atomic=\"true\"><\/p> <ul><\/ul><\/div>\n<form action=\"\/en\/wp-json\/wp\/v2\/pages\/4939#wpcf7-f5115-o1\" method=\"post\" class=\"wpcf7-form init\" aria-label=\"Contact form\" novalidate=\"novalidate\" data-status=\"init\" data-trp-original-action=\"\/en\/wp-json\/wp\/v2\/pages\/4939#wpcf7-f5115-o1\">\n<fieldset class=\"hidden-fields-container\"><input type=\"hidden\" name=\"_wpcf7\" value=\"5115\" \/><input type=\"hidden\" name=\"_wpcf7_version\" value=\"6.1.4\" \/><input type=\"hidden\" name=\"_wpcf7_locale\" value=\"en_US\" \/><input type=\"hidden\" name=\"_wpcf7_unit_tag\" value=\"wpcf7-f5115-o1\" \/><input type=\"hidden\" name=\"_wpcf7_container_post\" value=\"0\" \/><input type=\"hidden\" name=\"_wpcf7_posted_data_hash\" value=\"\" \/><input type=\"hidden\" name=\"_wpcf7cf_hidden_group_fields\" value=\"[]\" \/><input type=\"hidden\" name=\"_wpcf7cf_hidden_groups\" value=\"[]\" \/><input type=\"hidden\" name=\"_wpcf7cf_visible_groups\" value=\"[]\" \/><input type=\"hidden\" name=\"_wpcf7cf_repeaters\" value=\"[]\" \/><input type=\"hidden\" name=\"_wpcf7cf_steps\" value=\"{}\" \/><input type=\"hidden\" name=\"_wpcf7cf_options\" value=\"{&quot;form_id&quot;:5115,&quot;conditions&quot;:[],&quot;settings&quot;:{&quot;animation&quot;:&quot;yes&quot;,&quot;animation_intime&quot;:200,&quot;animation_outtime&quot;:200,&quot;conditions_ui&quot;:&quot;normal&quot;,&quot;notice_dismissed&quot;:false,&quot;notice_dismissed_rollback-cf7-5.8.7&quot;:true,&quot;notice_dismissed_rollback-cf7-5.9.2&quot;:true,&quot;notice_dismissed_rollback-cf7-5.9.3&quot;:true,&quot;notice_dismissed_rollback-cf7-5.9.7&quot;:true}}\" \/><input type=\"hidden\" name=\"_wpcf7_recaptcha_response\" value=\"\" \/>\n<\/fieldset>\n<p><label><br \/>\n<span style=\"background-color:#ccc;\"> <span class=\"wpcf7-form-control-wrap\" data-name=\"your-name\"><input size=\"40\" maxlength=\"400\" class=\"wpcf7-form-control wpcf7-text wpcf7-validates-as-required\" aria-required=\"true\" aria-invalid=\"false\" placeholder=\"Name\" value=\"\" type=\"text\" name=\"your-name\" \/><\/span> <\/span><\/label>\n<\/p>\n<p><label><br \/>\n<span class=\"wpcf7-form-control-wrap\" data-name=\"your-email\"><input size=\"40\" maxlength=\"400\" class=\"wpcf7-form-control wpcf7-email wpcf7-validates-as-required wpcf7-text wpcf7-validates-as-email\" aria-required=\"true\" aria-invalid=\"false\" placeholder=\"Email\" value=\"\" type=\"email\" name=\"your-email\" \/><\/span> <\/label>\n<\/p>\n<p><label><br \/>\n<span class=\"wpcf7-form-control-wrap\" data-name=\"phone-490\"><input size=\"40\" maxlength=\"400\" class=\"wpcf7-form-control wpcf7-tel wpcf7-validates-as-required wpcf7-text wpcf7-validates-as-tel\" aria-required=\"true\" aria-invalid=\"false\" placeholder=\"Phone Contact\" value=\"\" type=\"tel\" name=\"phone-490\" \/><\/span> <\/label>\n<\/p>\n<p><label><br \/>\n<span class=\"wpcf7-form-control-wrap\" data-name=\"your-message\"><textarea cols=\"40\" rows=\"10\" maxlength=\"2000\" class=\"wpcf7-form-control wpcf7-textarea wpcf7-validates-as-required\" aria-required=\"true\" aria-invalid=\"false\" placeholder=\"Message (Optional)\" name=\"your-message\"><\/textarea><\/span> <\/label>\n<\/p>\n<p><span class=\"wpcf7-form-control-wrap\" data-name=\"acceptance-939\"><span class=\"wpcf7-form-control wpcf7-acceptance\"><span class=\"wpcf7-list-item\"><label><input type=\"checkbox\" name=\"acceptance-939\" value=\"1\" aria-invalid=\"false\" \/><span class=\"wpcf7-list-item-label\">By using this form, you agree to <a href=\"\/en\/policy-privacy\/\" target=\"_self\">Privacy Policy<\/a> of MAP Advogados.<\/span><\/label><\/span><\/span><\/span>\n<\/p>\n<p><input class=\"wpcf7-form-control wpcf7-submit has-spinner\" type=\"submit\" value=\"SEND\" \/>\n<\/p><div class=\"wpcf7-response-output\" aria-hidden=\"true\"><\/div>\n<input type=\"hidden\" name=\"trp-form-language\" value=\"en\"\/><\/form>\n<\/div>\n<\/div>\n\t\t\t\t<\/div>\n\t\t\t\t<\/div>\n\t\t\t\t\t<\/div>\n\t\t<\/div>\n\t\t\t\t\t<\/div>\n\t\t<\/section>\n\t\t\t\t\t<\/div>\n\t\t<\/div>\n\t\t\t\t\t<\/div>\n\t\t<\/section>\n\t\t\t\t<\/div>","protected":false},"excerpt":{"rendered":"<p>OFFICE@MAP-ADVOGADOS.COM +351 926 180 655 (Cost of a call to the national mobile network) AREAS OF EXPERTISE Civil, Criminal and Misdemeanor Litigation Misdemeanors&#8230;<\/p>","protected":false},"author":2,"featured_media":4411,"parent":0,"menu_order":0,"comment_status":"closed","ping_status":"closed","template":"","meta":{"_acf_changed":false,"footnotes":""},"class_list":["post-4939","page","type-page","status-publish","has-post-thumbnail","hentry"],"acf":[],"aioseo_notices":[],"_links":{"self":[{"href":"https:\/\/map-advogados.com\/en\/wp-json\/wp\/v2\/pages\/4939","targetHints":{"allow":["GET"]}}],"collection":[{"href":"https:\/\/map-advogados.com\/en\/wp-json\/wp\/v2\/pages"}],"about":[{"href":"https:\/\/map-advogados.com\/en\/wp-json\/wp\/v2\/types\/page"}],"author":[{"embeddable":true,"href":"https:\/\/map-advogados.com\/en\/wp-json\/wp\/v2\/users\/2"}],"replies":[{"embeddable":true,"href":"https:\/\/map-advogados.com\/en\/wp-json\/wp\/v2\/comments?post=4939"}],"version-history":[{"count":0,"href":"https:\/\/map-advogados.com\/en\/wp-json\/wp\/v2\/pages\/4939\/revisions"}],"wp:featuredmedia":[{"embeddable":true,"href":"https:\/\/map-advogados.com\/en\/wp-json\/wp\/v2\/media\/4411"}],"wp:attachment":[{"href":"https:\/\/map-advogados.com\/en\/wp-json\/wp\/v2\/media?parent=4939"}],"curies":[{"name":"wp","href":"https:\/\/api.w.org\/{rel}","templated":true}]}}